{"id":63,"date":"2022-12-14T09:51:19","date_gmt":"2022-12-14T09:51:19","guid":{"rendered":"https:\/\/yoncadiyet.com\/?page_id=63"},"modified":"2022-12-23T11:37:47","modified_gmt":"2022-12-23T11:37:47","slug":"iletisim","status":"publish","type":"page","link":"https:\/\/yoncadiyet.com\/index.php\/iletisim\/","title":{"rendered":"\u0130leti\u015fim"},"content":{"rendered":"\n    \n    <section class=\"u-clearfix u-container-align-center u-palette-3-light-3 u-section-2\" id=\"carousel_98ee\">\n      <div class=\"u-clearfix u-sheet u-sheet-1\">\n        <h2 class=\"u-text u-text-1\">\u0130LET\u0130\u015e\u0130M<\/h2>\n        <div class=\"u-border-2 u-border-palette-3-light-2 u-form u-radius-50 u-white u-form-1\">\n          <form action=\"https:\/\/forms.nicepagesrv.com\/Form\/Process\" class=\"u-clearfix u-form-spacing-20 u-form-vertical u-inner-form\" source=\"email\" name=\"form\" style=\"padding: 30px;\">\n            <div class=\"u-form-group u-form-name u-form-partition-factor-2\">\n              <label for=\"name-7dcd\" class=\"u-label u-text-grey-40 u-label-1\">\u0130S\u0130M<\/label>\n              <input type=\"text\" id=\"name-7dcd\" name=\"name\" class=\"u-border-1 u-border-grey-40 u-input u-input-rectangle u-white\" required=\"\">\n            <\/div>\n            <div class=\"u-form-address u-form-group u-form-partition-factor-2 u-form-group-2\">\n              <label for=\"address-8381\" class=\"u-label u-text-grey-40 u-label-2\">SOY\u0130S\u0130M<\/label>\n              <input type=\"text\" id=\"address-8381\" name=\"address\" class=\"u-border-1 u-border-grey-40 u-input u-input-rectangle u-white\" required=\"\">\n            <\/div>\n            <div class=\"u-form-group u-form-partition-factor-2 u-form-phone u-form-group-3\">\n              <label for=\"phone-907f\" class=\"u-label u-text-grey-40 u-label-3\">Telefon<\/label>\n              <input type=\"tel\" pattern=\"\\+?\\d{0,3}[\\s\\(\\-]?([0-9]{2,3})[\\s\\)\\-]?([\\s\\-]?)([0-9]{3})[\\s\\-]?([0-9]{2})[\\s\\-]?([0-9]{2})\" id=\"phone-907f\" name=\"phone\" class=\"u-border-1 u-border-grey-40 u-input u-input-rectangle u-white\" required=\"\" maxlength=\"11\">\n            <\/div>\n            <div class=\"u-form-email u-form-group u-form-partition-factor-2\">\n              <label for=\"email-7dcd\" class=\"u-label u-text-grey-40 u-label-4\">EMA\u0130L<\/label>\n              <input type=\"email\" id=\"email-7dcd\" name=\"email\" class=\"u-border-1 u-border-grey-40 u-input u-input-rectangle u-white\" required=\"\">\n            <\/div>\n            <div class=\"u-form-group u-form-select u-form-group-5\">\n              <label for=\"select-d270\" class=\"u-label u-text-grey-40 u-label-5\">RANDEVU G\u00dcN\u00dc<\/label>\n              <div class=\"u-form-select-wrapper\">\n                <select id=\"select-d270\" name=\"RANDEVU\" class=\"u-border-1 u-border-grey-40 u-input u-input-rectangle u-white\" required=\"required\">\n                  <option value=\"PAZARTES\u0130\">PAZARTES\u0130<\/option>\n                  <option value=\"SALI\">SALI<\/option>\n                  <option value=\"\u00c7AR\u015eAMBA\">\u00c7AR\u015eAMBA<\/option>\n                  <option value=\"PER\u015eEMBE\">PER\u015eEMBE<\/option>\n                  <option value=\"CUMA\">CUMA<\/option>\n                  <option value=\"CUMARTES\u0130\">CUMARTES\u0130<\/option>\n                <\/select>\n                <svg class=\"u-caret u-caret-svg\" version=\"1.1\" id=\"Layer_1\" xmlns=\"http:\/\/www.w3.org\/2000\/svg\" xmlns:xlink=\"http:\/\/www.w3.org\/1999\/xlink\" x=\"0px\" y=\"0px\" width=\"16px\" height=\"16px\" viewBox=\"0 0 16 16\" style=\"fill:currentColor;\" xml:space=\"preserve\"><polygon class=\"st0\" points=\"8,12 2,4 14,4 \"><\/polygon><\/svg>\n              <\/div>\n            <\/div>\n            <div class=\"u-form-group u-form-select u-form-group-6\">\n              <label for=\"select-2a92\" class=\"u-label u-text-grey-40 u-label-6\">D\u0130YET\u0130SYENLER\u0130M\u0130Z<\/label>\n              <div class=\"u-form-select-wrapper\">\n                <select id=\"select-2a92\" name=\"Diyetisyenlerimiz\" class=\"u-border-1 u-border-grey-40 u-input u-input-rectangle u-white\" required=\"required\">\n                  <option value=\"Diyetisyen S\u00fcmeyra Tatl\u0131\">Diyetisyen S\u00fcmeyra Tatl\u0131<\/option>\n                  <option value=\"Diyetisyen Meryem Haf\u0131zo\u011flu\">Diyetisyen Meryem Haf\u0131zo\u011flu<\/option>\n                  <option value=\"Diyetisyen Yazg\u00fcl\u00fc Babazade\">Diyetisyen Yazg\u00fcl\u00fc Babazade<\/option>\n                <\/select>\n                <svg class=\"u-caret u-caret-svg\" version=\"1.1\" id=\"Layer_1\" xmlns=\"http:\/\/www.w3.org\/2000\/svg\" xmlns:xlink=\"http:\/\/www.w3.org\/1999\/xlink\" x=\"0px\" y=\"0px\" width=\"16px\" height=\"16px\" viewBox=\"0 0 16 16\" style=\"fill:currentColor;\" xml:space=\"preserve\"><polygon class=\"st0\" points=\"8,12 2,4 14,4 \"><\/polygon><\/svg>\n              <\/div>\n            <\/div>\n            <div class=\"u-form-group u-form-message u-form-group-7\">\n              <label for=\"message-80ab\" class=\"u-label u-text-grey-40 u-label-7\">Mesaj<\/label>\n              <textarea placeholder=\"Mesaj\u0131n\u0131z\u0131 girin\" rows=\"4\" cols=\"50\" id=\"message-80ab\" name=\"message\" class=\"u-border-1 u-border-grey-40 u-input u-input-rectangle u-white\"><\/textarea>\n            <\/div>\n            <div class=\"u-align-center u-form-group u-form-submit\">\n              <a href=\"#\" class=\"u-active-palette-3-light-1 u-border-3 u-border-active-palette-3-light-1 u-border-hover-palette-3-light-1 u-border-palette-3-light-1 u-btn u-btn-round u-btn-submit u-button-style u-hover-palette-3-light-1 u-palette-3-light-2 u-radius-47 u-btn-1\">G\u00d6NDER<\/a>\n              <input type=\"submit\" value=\"submit\" class=\"u-form-control-hidden\">\n            <\/div>\n            <div class=\"u-form-send-message u-form-send-success\">Sa\u011fl\u0131kl\u0131 bir ya\u015fam i\u00e7in ilk ad\u0131m\u0131n\u0131z\u0131 att\u0131n\u0131z. En k\u0131sa s\u00fcrede size d\u00f6n\u00fc\u015f yap\u0131lacak.<\/div>\n            <div class=\"u-form-send-error u-form-send-message\">Mesaj\u0131n\u0131z bize ula\u015famad\u0131. L\u00fctfen tekrar deneyiniz.<\/div>\n            <input type=\"hidden\" value=\"\" name=\"recaptchaResponse\">\n            <input type=\"hidden\" name=\"formServices\" value=\"383e3a96fb581c8c8a2645639ccc06d0\">\n          <\/form>\n        <\/div>\n      <\/div>\n    <\/section>\n    \n    \n  \n","protected":false},"excerpt":{"rendered":"<p>\u0130LET\u0130\u015e\u0130M \u0130S\u0130M SOY\u0130S\u0130M Telefon EMA\u0130L RANDEVU G\u00dcN\u00dc PAZARTES\u0130 SALI \u00c7AR\u015eAMBA PER\u015eEMBE CUMA CUMARTES\u0130 D\u0130YET\u0130SYENLER\u0130M\u0130Z Diyetisyen S\u00fcmeyra Tatl\u0131 Diyetisyen Meryem Haf\u0131zo\u011flu Diyetisyen Yazg\u00fcl\u00fc Babazade Mesaj G\u00d6NDER Sa\u011fl\u0131kl\u0131 bir ya\u015fam i\u00e7in ilk ad\u0131m\u0131n\u0131z\u0131 att\u0131n\u0131z. En k\u0131sa s\u00fcrede size d\u00f6n\u00fc\u015f yap\u0131lacak. Mesaj\u0131n\u0131z bize ula\u015famad\u0131. L\u00fctfen tekrar deneyiniz.<\/p>\n","protected":false},"author":1,"featured_media":0,"parent":0,"menu_order":0,"comment_status":"closed","ping_status":"closed","template":"","meta":[],"yoast_head":"<!-- This site is optimized with the Yoast SEO plugin v19.12 - https:\/\/yoast.com\/wordpress\/plugins\/seo\/ -->\n<title>\u0130leti\u015fim - Yonca Diyet Danismanlik<\/title>\n<meta name=\"description\" content=\"Diyet ve sa\u011fl\u0131kl\u0131 beslenme ile ilgili bilgi almak ve uzmanlar\u0131m\u0131zdan randevu almak i\u00e7in bize ula\u015fabilirsiniz.\" \/>\n<meta name=\"robots\" content=\"index, follow, max-snippet:-1, max-image-preview:large, max-video-preview:-1\" \/>\n<link rel=\"canonical\" href=\"https:\/\/yoncadiyet.com\/index.php\/iletisim\/\" \/>\n<meta property=\"og:locale\" content=\"tr_TR\" \/>\n<meta property=\"og:type\" content=\"article\" \/>\n<meta property=\"og:title\" content=\"\u0130leti\u015fim - Yonca Diyet Danismanlik\" \/>\n<meta property=\"og:description\" content=\"Diyet ve sa\u011fl\u0131kl\u0131 beslenme ile ilgili bilgi almak ve uzmanlar\u0131m\u0131zdan randevu almak i\u00e7in bize ula\u015fabilirsiniz.\" \/>\n<meta property=\"og:url\" content=\"https:\/\/yoncadiyet.com\/index.php\/iletisim\/\" \/>\n<meta property=\"og:site_name\" content=\"Yonca Diyet Danismanlik\" \/>\n<meta property=\"article:publisher\" content=\"https:\/\/www.facebook.com\/yoncadiyetdanismanlik\/\" \/>\n<meta property=\"article:modified_time\" content=\"2022-12-23T11:37:47+00:00\" \/>\n<meta name=\"twitter:card\" content=\"summary_large_image\" \/>\n<meta name=\"twitter:label1\" content=\"Tahmini okuma s\u00fcresi\" \/>\n\t<meta name=\"twitter:data1\" content=\"1 dakika\" \/>\n<script type=\"application\/ld+json\" class=\"yoast-schema-graph\">{\"@context\":\"https:\/\/schema.org\",\"@graph\":[{\"@type\":\"WebPage\",\"@id\":\"https:\/\/yoncadiyet.com\/index.php\/iletisim\/\",\"url\":\"https:\/\/yoncadiyet.com\/index.php\/iletisim\/\",\"name\":\"\u0130leti\u015fim - Yonca Diyet Danismanlik\",\"isPartOf\":{\"@id\":\"https:\/\/yoncadiyet.com\/#website\"},\"datePublished\":\"2022-12-14T09:51:19+00:00\",\"dateModified\":\"2022-12-23T11:37:47+00:00\",\"description\":\"Diyet ve sa\u011fl\u0131kl\u0131 beslenme ile ilgili bilgi almak ve uzmanlar\u0131m\u0131zdan randevu almak i\u00e7in bize ula\u015fabilirsiniz.\",\"breadcrumb\":{\"@id\":\"https:\/\/yoncadiyet.com\/index.php\/iletisim\/#breadcrumb\"},\"inLanguage\":\"tr\",\"potentialAction\":[{\"@type\":\"ReadAction\",\"target\":[\"https:\/\/yoncadiyet.com\/index.php\/iletisim\/\"]}]},{\"@type\":\"BreadcrumbList\",\"@id\":\"https:\/\/yoncadiyet.com\/index.php\/iletisim\/#breadcrumb\",\"itemListElement\":[{\"@type\":\"ListItem\",\"position\":1,\"name\":\"Anasayfa\",\"item\":\"https:\/\/yoncadiyet.com\/\"},{\"@type\":\"ListItem\",\"position\":2,\"name\":\"\u0130leti\u015fim\"}]},{\"@type\":\"WebSite\",\"@id\":\"https:\/\/yoncadiyet.com\/#website\",\"url\":\"https:\/\/yoncadiyet.com\/\",\"name\":\"Yonca Diyet Danismanlik\",\"description\":\"\",\"publisher\":{\"@id\":\"https:\/\/yoncadiyet.com\/#organization\"},\"potentialAction\":[{\"@type\":\"SearchAction\",\"target\":{\"@type\":\"EntryPoint\",\"urlTemplate\":\"https:\/\/yoncadiyet.com\/?s={search_term_string}\"},\"query-input\":\"required name=search_term_string\"}],\"inLanguage\":\"tr\"},{\"@type\":\"Organization\",\"@id\":\"https:\/\/yoncadiyet.com\/#organization\",\"name\":\"Yonca Diyet ve Beslenme Dan\u0131\u015fmanl\u0131k\",\"url\":\"https:\/\/yoncadiyet.com\/\",\"logo\":{\"@type\":\"ImageObject\",\"inLanguage\":\"tr\",\"@id\":\"https:\/\/yoncadiyet.com\/#\/schema\/logo\/image\/\",\"url\":\"https:\/\/yoncadiyet.com\/wp-content\/uploads\/2022\/12\/sw.png\",\"contentUrl\":\"https:\/\/yoncadiyet.com\/wp-content\/uploads\/2022\/12\/sw.png\",\"width\":916,\"height\":206,\"caption\":\"Yonca Diyet ve Beslenme Dan\u0131\u015fmanl\u0131k\"},\"image\":{\"@id\":\"https:\/\/yoncadiyet.com\/#\/schema\/logo\/image\/\"},\"sameAs\":[\"https:\/\/www.instagram.com\/yonca_diyet\/\",\"https:\/\/www.facebook.com\/yoncadiyetdanismanlik\/\"]}]}<\/script>\n<!-- \/ Yoast SEO plugin. -->","yoast_head_json":{"title":"\u0130leti\u015fim - Yonca Diyet Danismanlik","description":"Diyet ve sa\u011fl\u0131kl\u0131 beslenme ile ilgili bilgi almak ve uzmanlar\u0131m\u0131zdan randevu almak i\u00e7in bize ula\u015fabilirsiniz.","robots":{"index":"index","follow":"follow","max-snippet":"max-snippet:-1","max-image-preview":"max-image-preview:large","max-video-preview":"max-video-preview:-1"},"canonical":"https:\/\/yoncadiyet.com\/index.php\/iletisim\/","og_locale":"tr_TR","og_type":"article","og_title":"\u0130leti\u015fim - Yonca Diyet Danismanlik","og_description":"Diyet ve sa\u011fl\u0131kl\u0131 beslenme ile ilgili bilgi almak ve uzmanlar\u0131m\u0131zdan randevu almak i\u00e7in bize ula\u015fabilirsiniz.","og_url":"https:\/\/yoncadiyet.com\/index.php\/iletisim\/","og_site_name":"Yonca Diyet Danismanlik","article_publisher":"https:\/\/www.facebook.com\/yoncadiyetdanismanlik\/","article_modified_time":"2022-12-23T11:37:47+00:00","twitter_card":"summary_large_image","twitter_misc":{"Tahmini okuma s\u00fcresi":"1 dakika"},"schema":{"@context":"https:\/\/schema.org","@graph":[{"@type":"WebPage","@id":"https:\/\/yoncadiyet.com\/index.php\/iletisim\/","url":"https:\/\/yoncadiyet.com\/index.php\/iletisim\/","name":"\u0130leti\u015fim - Yonca Diyet Danismanlik","isPartOf":{"@id":"https:\/\/yoncadiyet.com\/#website"},"datePublished":"2022-12-14T09:51:19+00:00","dateModified":"2022-12-23T11:37:47+00:00","description":"Diyet ve sa\u011fl\u0131kl\u0131 beslenme ile ilgili bilgi almak ve uzmanlar\u0131m\u0131zdan randevu almak i\u00e7in bize ula\u015fabilirsiniz.","breadcrumb":{"@id":"https:\/\/yoncadiyet.com\/index.php\/iletisim\/#breadcrumb"},"inLanguage":"tr","potentialAction":[{"@type":"ReadAction","target":["https:\/\/yoncadiyet.com\/index.php\/iletisim\/"]}]},{"@type":"BreadcrumbList","@id":"https:\/\/yoncadiyet.com\/index.php\/iletisim\/#breadcrumb","itemListElement":[{"@type":"ListItem","position":1,"name":"Anasayfa","item":"https:\/\/yoncadiyet.com\/"},{"@type":"ListItem","position":2,"name":"\u0130leti\u015fim"}]},{"@type":"WebSite","@id":"https:\/\/yoncadiyet.com\/#website","url":"https:\/\/yoncadiyet.com\/","name":"Yonca Diyet Danismanlik","description":"","publisher":{"@id":"https:\/\/yoncadiyet.com\/#organization"},"potentialAction":[{"@type":"SearchAction","target":{"@type":"EntryPoint","urlTemplate":"https:\/\/yoncadiyet.com\/?s={search_term_string}"},"query-input":"required name=search_term_string"}],"inLanguage":"tr"},{"@type":"Organization","@id":"https:\/\/yoncadiyet.com\/#organization","name":"Yonca Diyet ve Beslenme Dan\u0131\u015fmanl\u0131k","url":"https:\/\/yoncadiyet.com\/","logo":{"@type":"ImageObject","inLanguage":"tr","@id":"https:\/\/yoncadiyet.com\/#\/schema\/logo\/image\/","url":"https:\/\/yoncadiyet.com\/wp-content\/uploads\/2022\/12\/sw.png","contentUrl":"https:\/\/yoncadiyet.com\/wp-content\/uploads\/2022\/12\/sw.png","width":916,"height":206,"caption":"Yonca Diyet ve Beslenme Dan\u0131\u015fmanl\u0131k"},"image":{"@id":"https:\/\/yoncadiyet.com\/#\/schema\/logo\/image\/"},"sameAs":["https:\/\/www.instagram.com\/yonca_diyet\/","https:\/\/www.facebook.com\/yoncadiyetdanismanlik\/"]}]}},"_links":{"self":[{"href":"https:\/\/yoncadiyet.com\/index.php\/wp-json\/wp\/v2\/pages\/63"}],"collection":[{"href":"https:\/\/yoncadiyet.com\/index.php\/wp-json\/wp\/v2\/pages"}],"about":[{"href":"https:\/\/yoncadiyet.com\/index.php\/wp-json\/wp\/v2\/types\/page"}],"author":[{"embeddable":true,"href":"https:\/\/yoncadiyet.com\/index.php\/wp-json\/wp\/v2\/users\/1"}],"replies":[{"embeddable":true,"href":"https:\/\/yoncadiyet.com\/index.php\/wp-json\/wp\/v2\/comments?post=63"}],"version-history":[{"count":2,"href":"https:\/\/yoncadiyet.com\/index.php\/wp-json\/wp\/v2\/pages\/63\/revisions"}],"predecessor-version":[{"id":153,"href":"https:\/\/yoncadiyet.com\/index.php\/wp-json\/wp\/v2\/pages\/63\/revisions\/153"}],"wp:attachment":[{"href":"https:\/\/yoncadiyet.com\/index.php\/wp-json\/wp\/v2\/media?parent=63"}],"curies":[{"name":"wp","href":"https:\/\/api.w.org\/{rel}","templated":true}]}}